{"id":505,"date":"2016-05-03T07:49:41","date_gmt":"2016-05-03T07:49:41","guid":{"rendered":"http:\/\/themeamber.com\/demodata\/dentalcare\/?page_id=2"},"modified":"2016-11-14T08:23:50","modified_gmt":"2016-11-14T07:23:50","slug":"home","status":"publish","type":"page","link":"http:\/\/tumpej.si\/en\/","title":{"rendered":"Home"},"content":{"rendered":"<p>[vc_row full_width=&#8221;stretch_row_content_no_spaces&#8221;][vc_column][rev_slider_vc alias=&#8221;home&#8221;][\/vc_column][\/vc_row][vc_row full_width=&#8221;stretch_row&#8221; css=&#8221;.vc_custom_1466353971194{border-top-width: 1px !important;padding-top: 77px !important;padding-bottom: 50px !important;border-top-color: #e2e2e2 !important;border-top-style: solid !important;}&#8221;][vc_column][ab_customheading ab_template=&#8221;layout2&#8243; margin_bottom=&#8221;17px&#8221; content_align=&#8221;text-center&#8221; heading=&#8221;Kjer se va\u0161 najlep\u0161i nasmeh pri\u010dne.&#8221; sub_heading=&#8221;Nudimo zanesljive, profesionalne storitve za va\u0161o celotno dru\u017eino&#8221; text_transform=&#8221;capitalize&#8221;][vc_column_text]<\/p>\n<p style=\"text-align: center;\">Si \u017eelite nasmeha po meri &#8211; zdravega in naravno lepega, skladnega z va\u0161im obrazom, ki bo pove\u010dal tudi va\u0161e osebno zadovoljstvo? V na\u0161i zobozdravstveni ordinaciji se vam posebej posvetimo, poslu\u0161amo va\u0161e \u017eelje in vam svetujemo o dentolo\u0161kih postopkih, najprimernej\u0161ih in najbolj kakovostnih za va\u0161e zobe in tudi \u017eep. Svetujemo vam o ustni higieni in poskrbimo za dolgotrajno zdravje zob. S spro\u0161\u010denim in zdravim nasmehom stopite korak naprej.<\/p>\n<p>[\/vc_column_text][\/vc_column][\/vc_row][vc_row full_width=&#8221;stretch_row&#8221; css=&#8221;.vc_custom_1478549713422{border-top-width: 1px !important;border-bottom-width: 1px !important;padding-top: 45px !important;padding-bottom: 45px !important;border-top-color: #ffffff !important;border-top-style: solid !important;border-bottom-color: #ffffff !important;border-bottom-style: solid !important;border-radius: 1px !important;}&#8221; el_class=&#8221;primary-background&#8221;][vc_column width=&#8221;1\/3&#8243;][ab_feature_box ab_template=&#8221;layout3&#8243; content_align=&#8221;text-default&#8221; box_text_color=&#8221;#ffffff&#8221; icon_type=&#8221;fontawesome&#8221; icon_fontawesome=&#8221;fa fa-bell-o&#8221; title_item=&#8221;Lokacija ordinacije&#8221; description_item=&#8221;Parmova ulica 53,<br \/>\n1000 Ljubljana&#8221; image=&#8221;292&#8243;][\/vc_column][vc_column width=&#8221;1\/3&#8243;][ab_feature_box ab_template=&#8221;layout3&#8243; content_align=&#8221;text-default&#8221; box_text_color=&#8221;#ffffff&#8221; icon_type=&#8221;fontawesome&#8221; icon_fontawesome=&#8221;fa fa-bell-o&#8221; title_item=&#8221;Pokli\u010dite nas&#8221; description_item=&#8221;01 236 21 02 ali 040 288 593&#8243; image=&#8221;290&#8243;][\/vc_column][vc_column width=&#8221;1\/3&#8243;][ab_feature_box ab_template=&#8221;layout3&#8243; content_align=&#8221;text-default&#8221; box_text_color=&#8221;#ffffff&#8221; icon_type=&#8221;fontawesome&#8221; icon_fontawesome=&#8221;fa fa-bell-o&#8221; title_item=&#8221;Po\u0161ljite nam vpra\u0161anje&#8221; description_item=&#8221;zobozdravnik@tumpej.si<br \/>\nOdgovorimo v roku 24 ur. Za nujne zadeve obvezno pokli\u010dite.&#8221; image=&#8221;294&#8243;][\/vc_column][\/vc_row]<\/p>","protected":false},"excerpt":{"rendered":"<p>[vc_row full_width=&#8221;stretch_row_content_no_spaces&#8221;][vc_column][rev_slider_vc alias=&#8221;home&#8221;][\/vc_column][\/vc_row][vc_row full_width=&#8221;stretch_row&#8221; css=&#8221;.vc_custom_1466353971194{border-top-width: 1px !important;padding-top: 77px !important;padding-bottom: 50px !important;border-top-color: #e2e2e2 !important;border-top-style: solid !important;}&#8221;][vc_column][ab_customheading ab_template=&#8221;layout2&#8243; margin_bottom=&#8221;17px&#8221; content_align=&#8221;text-center&#8221; heading=&#8221;Kjer se va\u0161 najlep\u0161i nasmeh pri\u010dne.&#8221; sub_heading=&#8221;Nudimo zanesljive, profesionalne storitve za va\u0161o celotno dru\u017eino&#8221; text_transform=&#8221;capitalize&#8221;][vc_column_text] Si \u017eelite nasmeha po meri &#8211; zdravega in naravno lepega, skladnega z va\u0161im obrazom, ki bo pove\u010dal tudi va\u0161e osebno zadovoljstvo? V [&hellip;]<\/p>\n","protected":false},"author":1,"featured_media":0,"parent":0,"menu_order":0,"comment_status":"closed","ping_status":"closed","template":"","meta":[],"_links":{"self":[{"href":"http:\/\/tumpej.si\/en\/wp-json\/wp\/v2\/pages\/505"}],"collection":[{"href":"http:\/\/tumpej.si\/en\/wp-json\/wp\/v2\/pages"}],"about":[{"href":"http:\/\/tumpej.si\/en\/wp-json\/wp\/v2\/types\/page"}],"author":[{"embeddable":true,"href":"http:\/\/tumpej.si\/en\/wp-json\/wp\/v2\/users\/1"}],"replies":[{"embeddable":true,"href":"http:\/\/tumpej.si\/en\/wp-json\/wp\/v2\/comments?post=505"}],"version-history":[{"count":38,"href":"http:\/\/tumpej.si\/en\/wp-json\/wp\/v2\/pages\/505\/revisions"}],"predecessor-version":[{"id":683,"href":"http:\/\/tumpej.si\/en\/wp-json\/wp\/v2\/pages\/505\/revisions\/683"}],"wp:attachment":[{"href":"http:\/\/tumpej.si\/en\/wp-json\/wp\/v2\/media?parent=505"}],"curies":[{"name":"wp","href":"https:\/\/api.w.org\/{rel}","templated":true}]}}