{"id":506,"date":"2016-05-04T03:14:00","date_gmt":"2016-05-04T03:14:00","guid":{"rendered":"http:\/\/themeamber.com\/demodata\/dentalcare\/?page_id=5"},"modified":"2016-12-18T22:17:31","modified_gmt":"2016-12-18T21:17:31","slug":"about-us","status":"publish","type":"page","link":"http:\/\/tumpej.si\/en\/about-us\/","title":{"rendered":"About Us"},"content":{"rendered":"<p>[vc_row full_width=&#8221;stretch_row&#8221; css=&#8221;.vc_custom_1465445642785{border-bottom-width: 1px !important;padding-top: 27px !important;padding-bottom: 22px !important;border-bottom-color: #f1f1f1 !important;border-bottom-style: solid !important;}&#8221;][vc_column width=&#8221;1\/4&#8243;][ab_feature_box ab_template=&#8221;layout4&#8243; content_align=&#8221;text-default&#8221; icon_type=&#8221;fontawesome&#8221; title_item=&#8221;Odli\u010den zobozdravnik&#8221; image=&#8221;296&#8243;][\/vc_column][vc_column width=&#8221;1\/4&#8243;][ab_feature_box ab_template=&#8221;layout4&#8243; content_align=&#8221;text-default&#8221; icon_type=&#8221;fontawesome&#8221; title_item=&#8221;Profesionalno osebje&#8221; image=&#8221;296&#8243;][\/vc_column][vc_column width=&#8221;1\/4&#8243;][ab_feature_box ab_template=&#8221;layout4&#8243; content_align=&#8221;text-default&#8221; icon_type=&#8221;fontawesome&#8221; title_item=&#8221;Vrhunska zobozdravstvena oprema&#8221; image=&#8221;291&#8243;][\/vc_column][vc_column width=&#8221;1\/4&#8243;][ab_feature_box ab_template=&#8221;layout4&#8243; content_align=&#8221;text-default&#8221; icon_type=&#8221;fontawesome&#8221; title_item=&#8221;Dobro po\u010dutje&#8221; image=&#8221;295&#8243;][\/vc_column][\/vc_row][vc_row css=&#8221;.vc_custom_1465455070756{padding-top: 40px !important;padding-bottom: 50px !important;}&#8221;][vc_column width=&#8221;1\/2&#8243; css=&#8221;.vc_custom_1465455127719{padding-top: 36px !important;}&#8221;][ab_customheading content_align=&#8221;text-default&#8221; heading=&#8221;Sebastijan Tumpej &#8211; Private dentist&#8221;][vc_column_text]Ustna higiena in redni obiski pri zobozdravniku so bistvenega pomena za zdrav in naravno lep nasmeh.<\/p>\n<p>Vse zobozdravstvene preglede in svetovanja o zdravljenju vam nudimo brezpla\u010dno. Pogovorili se bomo o va\u0161ih te\u017eavah z zobmi, \u017eeljah in mo\u017enostih zdravljenja, pojasnimo vam zobozdravstvene postopke, potrebne za re\u0161itev posameznih te\u017eav, predvidimo \u010das zdravljenja in vam predstavimo stro\u0161ke zobozdravstvenih storitev.<\/p>\n<p>Stran je sedaj odve\u010d in naj vas ne odvrne od zobozdravstvenih pregledov, ki so nujni za ohranjanje zdravega zobovja, ustne votline in posledi\u010dno bolj\u0161ega po\u010dutja in samopodobe.[\/vc_column_text][\/vc_column][vc_column width=&#8221;1\/2&#8243;][vc_single_image image=&#8221;577&#8243; img_size=&#8221;full&#8221; css=&#8221;.vc_custom_1478263960008{margin-right: -40px !important;}&#8221;][\/vc_column][\/vc_row][vc_row full_width=&#8221;stretch_row&#8221; css=&#8221;.vc_custom_1465455707968{padding-top: 80px !important;padding-bottom: 80px !important;background-color: #f5f5f5 !important;}&#8221;][vc_column][ab_customheading content_align=&#8221;text-center&#8221; heading=&#8221;Na\u0161e osebje&#8221;][ab_carousel ab_template=&#8221;team2&#8243; xsmall_items=&#8221;1&#8243; small_items=&#8221;2&#8243; medium_items=&#8221;3&#8243; large_items=&#8221;3&#8243; margin=&#8221;30&#8243; loop=&#8221;false&#8221; nav=&#8221;false&#8221; dots=&#8221;true&#8221; autoplay=&#8221;true&#8221; source=&#8221;size:9|order_by:date|post_type:team&#8221;][\/vc_column][\/vc_row][vc_row full_width=&#8221;stretch_row_content&#8221; equal_height=&#8221;yes&#8221;][vc_column width=&#8221;1\/2&#8243; css=&#8221;.vc_custom_1478265622343{background-image: url(http:\/\/tumpej.si\/wp-content\/uploads\/2016\/05\/cilj1-1.jpg?id=584) !important;}&#8221;][\/vc_column][vc_column width=&#8221;1\/2&#8243; css=&#8221;.vc_custom_1465530351620{padding-top: 80px !important;padding-bottom: 80px !important;}&#8221;][ab_customheading content_align=&#8221;text-default&#8221; heading=&#8221;Na\u0161 cilj&#8221;][vc_column_text]Moderni stomatolo\u0161ki (zobozdravstveni) postopki in sodobna oprema ordinacije danes zagotavljajo neprimerljivo manj bole\u010de posege kot neko\u010d. Pacienti vseh generacij ste v na\u0161i ordinaciji dele\u017eni kakovostnih storitev, najsodobnej\u0161ih materialov, nasvetov za pravilno nego ustne votline in prijaznosti. Ponujamo vam tako zobozdravstvene kot zobno estetske posege, saj je na\u0161 cilj va\u0161 popoln nasmeh![\/vc_column_text][vc_message message_box_color=&#8221;turquoise&#8221;]<\/p>\n<h4>Na\u0161 cilj je, va\u0161 popoln nasmeh.<\/h4>\n<p>[\/vc_message][\/vc_column][\/vc_row]<\/p>","protected":false},"excerpt":{"rendered":"<p>[vc_row full_width=&#8221;stretch_row&#8221; css=&#8221;.vc_custom_1465445642785{border-bottom-width: 1px !important;padding-top: 27px !important;padding-bottom: 22px !important;border-bottom-color: #f1f1f1 !important;border-bottom-style: solid !important;}&#8221;][vc_column width=&#8221;1\/4&#8243;][ab_feature_box ab_template=&#8221;layout4&#8243; content_align=&#8221;text-default&#8221; icon_type=&#8221;fontawesome&#8221; title_item=&#8221;Odli\u010den zobozdravnik&#8221; image=&#8221;296&#8243;][\/vc_column][vc_column width=&#8221;1\/4&#8243;][ab_feature_box ab_template=&#8221;layout4&#8243; content_align=&#8221;text-default&#8221; icon_type=&#8221;fontawesome&#8221; title_item=&#8221;Profesionalno osebje&#8221; image=&#8221;296&#8243;][\/vc_column][vc_column width=&#8221;1\/4&#8243;][ab_feature_box ab_template=&#8221;layout4&#8243; content_align=&#8221;text-default&#8221; icon_type=&#8221;fontawesome&#8221; title_item=&#8221;Vrhunska zobozdravstvena oprema&#8221; image=&#8221;291&#8243;][\/vc_column][vc_column width=&#8221;1\/4&#8243;][ab_feature_box ab_template=&#8221;layout4&#8243; content_align=&#8221;text-default&#8221; icon_type=&#8221;fontawesome&#8221; title_item=&#8221;Dobro po\u010dutje&#8221; image=&#8221;295&#8243;][\/vc_column][\/vc_row][vc_row css=&#8221;.vc_custom_1465455070756{padding-top: 40px !important;padding-bottom: 50px !important;}&#8221;][vc_column width=&#8221;1\/2&#8243; css=&#8221;.vc_custom_1465455127719{padding-top: 36px !important;}&#8221;][ab_customheading content_align=&#8221;text-default&#8221; heading=&#8221;Sebastijan Tumpej &#8211; [&hellip;]<\/p>\n","protected":false},"author":1,"featured_media":0,"parent":0,"menu_order":0,"comment_status":"closed","ping_status":"closed","template":"","meta":[],"_links":{"self":[{"href":"http:\/\/tumpej.si\/en\/wp-json\/wp\/v2\/pages\/506"}],"collection":[{"href":"http:\/\/tumpej.si\/en\/wp-json\/wp\/v2\/pages"}],"about":[{"href":"http:\/\/tumpej.si\/en\/wp-json\/wp\/v2\/types\/page"}],"author":[{"embeddable":true,"href":"http:\/\/tumpej.si\/en\/wp-json\/wp\/v2\/users\/1"}],"replies":[{"embeddable":true,"href":"http:\/\/tumpej.si\/en\/wp-json\/wp\/v2\/comments?post=506"}],"version-history":[{"count":17,"href":"http:\/\/tumpej.si\/en\/wp-json\/wp\/v2\/pages\/506\/revisions"}],"predecessor-version":[{"id":703,"href":"http:\/\/tumpej.si\/en\/wp-json\/wp\/v2\/pages\/506\/revisions\/703"}],"wp:attachment":[{"href":"http:\/\/tumpej.si\/en\/wp-json\/wp\/v2\/media?parent=506"}],"curies":[{"name":"wp","href":"https:\/\/api.w.org\/{rel}","templated":true}]}}